{"id":11,"date":"2022-09-02T18:09:52","date_gmt":"2022-09-02T18:09:52","guid":{"rendered":"https:\/\/clinicasanchezpuerta.com\/?page_id=11"},"modified":"2022-09-20T10:23:51","modified_gmt":"2022-09-20T10:23:51","slug":"servicios","status":"publish","type":"page","link":"https:\/\/clinicasanchezpuerta.com\/index.php\/servicios\/","title":{"rendered":"Servicios"},"content":{"rendered":"\t\t<div data-elementor-type=\"wp-page\" data-elementor-id=\"11\" class=\"elementor elementor-11\">\n\t\t\t\t\t\t\t\t\t<section class=\"elementor-section elementor-top-section elementor-element elementor-element-8f1c8d3 elementor-section-boxed elementor-section-height-default elementor-section-height-default\" data-id=\"8f1c8d3\" data-element_type=\"section\">\n\t\t\t\t\t\t<div class=\"elementor-container elementor-column-gap-default\">\n\t\t\t\t\t<div class=\"elementor-column elementor-col-50 elementor-top-column elementor-element elementor-element-fc1b56e\" data-id=\"fc1b56e\" data-element_type=\"column\">\n\t\t\t<div class=\"elementor-widget-wrap elementor-element-populated\">\n\t\t\t\t\t\t\t\t<div class=\"elementor-element elementor-element-c8f37ef elementor-widget elementor-widget-text-editor\" data-id=\"c8f37ef\" data-element_type=\"widget\" data-widget_type=\"text-editor.default\">\n\t\t\t\t<div class=\"elementor-widget-container\">\n\t\t\t<style>\/*! elementor - v3.7.4 - 31-08-2022 *\/\n.elementor-widget-text-editor.elementor-drop-cap-view-stacked .elementor-drop-cap{background-color:#818a91;color:#fff}.elementor-widget-text-editor.elementor-drop-cap-view-framed .elementor-drop-cap{color:#818a91;border:3px solid;background-color:transparent}.elementor-widget-text-editor:not(.elementor-drop-cap-view-default) .elementor-drop-cap{margin-top:8px}.elementor-widget-text-editor:not(.elementor-drop-cap-view-default) .elementor-drop-cap-letter{width:1em;height:1em}.elementor-widget-text-editor .elementor-drop-cap{float:left;text-align:center;line-height:1;font-size:50px}.elementor-widget-text-editor .elementor-drop-cap-letter{display:inline-block}<\/style>\t\t\t\t<p>En la Cl\u00ednica S\u00e1nchez Puerta, poseemos los <strong>medios necesarios y eficaces<\/strong> para la atenci\u00f3n de pacientes de todas las edades y circunstancias:<\/p><p>\u2795 <strong>Cardiolog\u00eda cl\u00ednica<\/strong> para adultos e infantil.<\/p><p>\u2795 <strong>Cardiogeriatr\u00eda.<\/strong>\u00a0<\/p><p>\u2795 <strong>Prevenci\u00f3n<\/strong> de patolog\u00edas cardiovasculares.<\/p><p>\u00a0<\/p><p>Contamos con un <strong>equipo humano y material actualizado<\/strong>, preparado para el an\u00e1lisis y diagn\u00f3stico del paciente:<\/p><p><img class=\"emoji\" role=\"img\" draggable=\"false\" src=\"https:\/\/s.w.org\/images\/core\/emoji\/14.0.0\/svg\/2795.svg\" alt=\"\u2795\" \/> Electrocardiograma (ECG).<\/p><p><img class=\"emoji\" role=\"img\" draggable=\"false\" src=\"https:\/\/s.w.org\/images\/core\/emoji\/14.0.0\/svg\/2795.svg\" alt=\"\u2795\" \/> Ecocardiograma Doppler a color.<\/p><p><img class=\"emoji\" role=\"img\" draggable=\"false\" src=\"https:\/\/s.w.org\/images\/core\/emoji\/14.0.0\/svg\/2795.svg\" alt=\"\u2795\" \/> Holter de tensi\u00f3n alterial.<\/p><p><img class=\"emoji\" role=\"img\" draggable=\"false\" src=\"https:\/\/s.w.org\/images\/core\/emoji\/14.0.0\/svg\/2795.svg\" alt=\"\u2795\" \/> Holter de electrocardiograma de 24 h.<\/p><p><img class=\"emoji\" role=\"img\" draggable=\"false\" src=\"https:\/\/s.w.org\/images\/core\/emoji\/14.0.0\/svg\/2795.svg\" alt=\"\u2795\" \/> Holter de eventos.<\/p><p><img class=\"emoji\" role=\"img\" draggable=\"false\" src=\"https:\/\/s.w.org\/images\/core\/emoji\/14.0.0\/svg\/2795.svg\" alt=\"\u2795\" \/> Ergometr\u00eda en tapiz.<\/p><p><img class=\"emoji\" role=\"img\" draggable=\"false\" src=\"https:\/\/s.w.org\/images\/core\/emoji\/14.0.0\/svg\/2795.svg\" alt=\"\u2795\" \/>\u00a0Ecoergometr\u00eda de estr\u00e9s.<\/p><p>\u2795 Estudios electrofisiol\u00f3gicos.<\/p><p>\u2795 Estudios hemodin\u00e1micos.<\/p><p>\u2795 Cirug\u00eda cardiaca y vascular.<\/p>\t\t\t\t\t\t<\/div>\n\t\t\t\t<\/div>\n\t\t\t\t\t<\/div>\n\t\t<\/div>\n\t\t\t\t<div class=\"elementor-column elementor-col-50 elementor-top-column elementor-element elementor-element-c2ca1d1\" data-id=\"c2ca1d1\" data-element_type=\"column\">\n\t\t\t<div class=\"elementor-widget-wrap elementor-element-populated\">\n\t\t\t\t\t\t\t\t<div class=\"elementor-element elementor-element-dee170f elementor-invisible elementor-widget elementor-widget-image\" data-id=\"dee170f\" data-element_type=\"widget\" data-settings=\"{&quot;_animation&quot;:&quot;fadeIn&quot;}\" data-widget_type=\"image.default\">\n\t\t\t\t<div class=\"elementor-widget-container\">\n\t\t\t<style>\/*! elementor - v3.7.4 - 31-08-2022 *\/\n.elementor-widget-image{text-align:center}.elementor-widget-image a{display:inline-block}.elementor-widget-image a img[src$=\".svg\"]{width:48px}.elementor-widget-image img{vertical-align:middle;display:inline-block}<\/style>\t\t\t\t\t\t\t\t\t\t\t\t<img width=\"768\" height=\"1075\" src=\"https:\/\/clinicasanchezpuerta.com\/wp-content\/uploads\/2022\/09\/pexels-rfstudio-3825586-768x1075.jpg\" class=\"attachment-medium_large size-medium_large\" alt=\"\" loading=\"lazy\" srcset=\"https:\/\/clinicasanchezpuerta.com\/wp-content\/uploads\/2022\/09\/pexels-rfstudio-3825586-768x1075.jpg 768w, https:\/\/clinicasanchezpuerta.com\/wp-content\/uploads\/2022\/09\/pexels-rfstudio-3825586-214x300.jpg 214w, https:\/\/clinicasanchezpuerta.com\/wp-content\/uploads\/2022\/09\/pexels-rfstudio-3825586-731x1024.jpg 731w, https:\/\/clinicasanchezpuerta.com\/wp-content\/uploads\/2022\/09\/pexels-rfstudio-3825586-1097x1536.jpg 1097w, https:\/\/clinicasanchezpuerta.com\/wp-content\/uploads\/2022\/09\/pexels-rfstudio-3825586-1463x2048.jpg 1463w, https:\/\/clinicasanchezpuerta.com\/wp-content\/uploads\/2022\/09\/pexels-rfstudio-3825586-scaled.jpg 1828w\" sizes=\"(max-width: 768px) 100vw, 768px\" \/>\t\t\t\t\t\t\t\t\t\t\t\t\t\t\t<\/div>\n\t\t\t\t<\/div>\n\t\t\t\t\t<\/div>\n\t\t<\/div>\n\t\t\t\t\t\t\t<\/div>\n\t\t<\/section>\n\t\t\t\t<section class=\"elementor-section elementor-top-section elementor-element elementor-element-6111dce elementor-section-boxed elementor-section-height-default elementor-section-height-default\" data-id=\"6111dce\" data-element_type=\"section\">\n\t\t\t\t\t\t<div class=\"elementor-container elementor-column-gap-default\">\n\t\t\t\t\t<div class=\"elementor-column elementor-col-100 elementor-top-column elementor-element elementor-element-6fdde88\" data-id=\"6fdde88\" data-element_type=\"column\">\n\t\t\t<div class=\"elementor-widget-wrap elementor-element-populated\">\n\t\t\t\t\t\t\t\t<div class=\"elementor-element elementor-element-be45f8b elementor-widget elementor-widget-image\" data-id=\"be45f8b\" data-element_type=\"widget\" data-widget_type=\"image.default\">\n\t\t\t\t<div class=\"elementor-widget-container\">\n\t\t\t\t\t\t\t\t\t\t\t\t\t\t\t<img width=\"2560\" height=\"246\" src=\"https:\/\/clinicasanchezpuerta.com\/wp-content\/uploads\/2022\/09\/franja-1-1.jpg\" class=\"attachment-full size-full\" alt=\"\" loading=\"lazy\" srcset=\"https:\/\/clinicasanchezpuerta.com\/wp-content\/uploads\/2022\/09\/franja-1-1.jpg 2560w, https:\/\/clinicasanchezpuerta.com\/wp-content\/uploads\/2022\/09\/franja-1-1-300x29.jpg 300w, https:\/\/clinicasanchezpuerta.com\/wp-content\/uploads\/2022\/09\/franja-1-1-1024x98.jpg 1024w, https:\/\/clinicasanchezpuerta.com\/wp-content\/uploads\/2022\/09\/franja-1-1-768x74.jpg 768w, https:\/\/clinicasanchezpuerta.com\/wp-content\/uploads\/2022\/09\/franja-1-1-1536x148.jpg 1536w, https:\/\/clinicasanchezpuerta.com\/wp-content\/uploads\/2022\/09\/franja-1-1-2048x197.jpg 2048w\" sizes=\"(max-width: 2560px) 100vw, 2560px\" \/>\t\t\t\t\t\t\t\t\t\t\t\t\t\t\t<\/div>\n\t\t\t\t<\/div>\n\t\t\t\t\t<\/div>\n\t\t<\/div>\n\t\t\t\t\t\t\t<\/div>\n\t\t<\/section>\n\t\t\t\t\t\t\t<\/div>\n\t\t","protected":false},"excerpt":{"rendered":"<p>En la Cl\u00ednica S\u00e1nchez Puerta, poseemos los medios necesarios y eficaces para la atenci\u00f3n de pacientes de todas las edades y circunstancias: \u2795 Cardiolog\u00eda cl\u00ednica para adultos e infantil. \u2795 Cardiogeriatr\u00eda.\u00a0 \u2795 Prevenci\u00f3n de patolog\u00edas cardiovasculares. \u00a0 Contamos con un equipo humano y material actualizado, preparado para el an\u00e1lisis y diagn\u00f3stico del paciente: Electrocardiograma (ECG). [&hellip;]<\/p>\n","protected":false},"author":1,"featured_media":0,"parent":0,"menu_order":0,"comment_status":"closed","ping_status":"closed","template":"","meta":{"om_disable_all_campaigns":false,"_monsterinsights_skip_tracking":false,"_monsterinsights_sitenote_active":false,"_monsterinsights_sitenote_note":"","_monsterinsights_sitenote_category":0},"aioseo_notices":[],"_links":{"self":[{"href":"https:\/\/clinicasanchezpuerta.com\/index.php\/wp-json\/wp\/v2\/pages\/11"}],"collection":[{"href":"https:\/\/clinicasanchezpuerta.com\/index.php\/wp-json\/wp\/v2\/pages"}],"about":[{"href":"https:\/\/clinicasanchezpuerta.com\/index.php\/wp-json\/wp\/v2\/types\/page"}],"author":[{"embeddable":true,"href":"https:\/\/clinicasanchezpuerta.com\/index.php\/wp-json\/wp\/v2\/users\/1"}],"replies":[{"embeddable":true,"href":"https:\/\/clinicasanchezpuerta.com\/index.php\/wp-json\/wp\/v2\/comments?post=11"}],"version-history":[{"count":10,"href":"https:\/\/clinicasanchezpuerta.com\/index.php\/wp-json\/wp\/v2\/pages\/11\/revisions"}],"predecessor-version":[{"id":137,"href":"https:\/\/clinicasanchezpuerta.com\/index.php\/wp-json\/wp\/v2\/pages\/11\/revisions\/137"}],"wp:attachment":[{"href":"https:\/\/clinicasanchezpuerta.com\/index.php\/wp-json\/wp\/v2\/media?parent=11"}],"curies":[{"name":"wp","href":"https:\/\/api.w.org\/{rel}","templated":true}]}}