{"id":13,"date":"2022-09-02T18:10:20","date_gmt":"2022-09-02T18:10:20","guid":{"rendered":"https:\/\/clinicasanchezpuerta.com\/?page_id=13"},"modified":"2022-10-17T10:04:55","modified_gmt":"2022-10-17T10:04:55","slug":"nosotros","status":"publish","type":"page","link":"https:\/\/clinicasanchezpuerta.com\/index.php\/nosotros\/","title":{"rendered":"Nosotros"},"content":{"rendered":"\t\t<div data-elementor-type=\"wp-page\" data-elementor-id=\"13\" class=\"elementor elementor-13\">\n\t\t\t\t\t\t\t\t\t<section class=\"elementor-section elementor-top-section elementor-element elementor-element-151796c elementor-section-boxed elementor-section-height-default elementor-section-height-default\" data-id=\"151796c\" data-element_type=\"section\">\n\t\t\t\t\t\t<div class=\"elementor-container elementor-column-gap-default\">\n\t\t\t\t\t<div class=\"elementor-column elementor-col-33 elementor-top-column elementor-element elementor-element-5dbd45c\" data-id=\"5dbd45c\" data-element_type=\"column\">\n\t\t\t<div class=\"elementor-widget-wrap elementor-element-populated\">\n\t\t\t\t\t\t\t\t<div class=\"elementor-element elementor-element-4cc8d95 elementor-widget elementor-widget-image\" data-id=\"4cc8d95\" data-element_type=\"widget\" data-widget_type=\"image.default\">\n\t\t\t\t<div class=\"elementor-widget-container\">\n\t\t\t<style>\/*! elementor - v3.7.4 - 31-08-2022 *\/\n.elementor-widget-image{text-align:center}.elementor-widget-image a{display:inline-block}.elementor-widget-image a img[src$=\".svg\"]{width:48px}.elementor-widget-image img{vertical-align:middle;display:inline-block}<\/style>\t\t\t\t\t\t\t\t\t\t\t\t<img width=\"768\" height=\"1024\" src=\"https:\/\/clinicasanchezpuerta.com\/wp-content\/uploads\/2022\/10\/photo_5904602893036665490_y-768x1024.jpg\" class=\"attachment-large size-large\" alt=\"\" loading=\"lazy\" srcset=\"https:\/\/clinicasanchezpuerta.com\/wp-content\/uploads\/2022\/10\/photo_5904602893036665490_y-768x1024.jpg 768w, https:\/\/clinicasanchezpuerta.com\/wp-content\/uploads\/2022\/10\/photo_5904602893036665490_y-225x300.jpg 225w, https:\/\/clinicasanchezpuerta.com\/wp-content\/uploads\/2022\/10\/photo_5904602893036665490_y.jpg 960w\" sizes=\"(max-width: 768px) 100vw, 768px\" \/>\t\t\t\t\t\t\t\t\t\t\t\t\t\t\t<\/div>\n\t\t\t\t<\/div>\n\t\t\t\t\t<\/div>\n\t\t<\/div>\n\t\t\t\t<div class=\"elementor-column elementor-col-66 elementor-top-column elementor-element elementor-element-26ff0cc\" data-id=\"26ff0cc\" data-element_type=\"column\">\n\t\t\t<div class=\"elementor-widget-wrap elementor-element-populated\">\n\t\t\t\t\t\t\t\t<div class=\"elementor-element elementor-element-4b857b5 elementor-widget elementor-widget-text-editor\" data-id=\"4b857b5\" data-element_type=\"widget\" data-widget_type=\"text-editor.default\">\n\t\t\t\t<div class=\"elementor-widget-container\">\n\t\t\t<style>\/*! elementor - v3.7.4 - 31-08-2022 *\/\n.elementor-widget-text-editor.elementor-drop-cap-view-stacked .elementor-drop-cap{background-color:#818a91;color:#fff}.elementor-widget-text-editor.elementor-drop-cap-view-framed .elementor-drop-cap{color:#818a91;border:3px solid;background-color:transparent}.elementor-widget-text-editor:not(.elementor-drop-cap-view-default) .elementor-drop-cap{margin-top:8px}.elementor-widget-text-editor:not(.elementor-drop-cap-view-default) .elementor-drop-cap-letter{width:1em;height:1em}.elementor-widget-text-editor .elementor-drop-cap{float:left;text-align:center;line-height:1;font-size:50px}.elementor-widget-text-editor .elementor-drop-cap-letter{display:inline-block}<\/style>\t\t\t\t<p>Durante los a\u00f1os 50, el <strong>Doctor Salvador S\u00e1nchez Puerta<\/strong> (especialista en coraz\u00f3n y pulm\u00f3n) y el <strong>Doctor Jos\u00e9 Tapia Sanz<\/strong> (internista y jefe de servicio del antiguo hospital Virgen de la Arrixaca, actual Morales Meseguer), pasaban consulta en sus respectivas cl\u00ednicas en la ciudad de Murcia. Posteriormente, en los a\u00f1os 70, ambos m\u00e9dicos decidieron aunar sus ejercicios profesionales en una sola cl\u00ednica, la cual fue ubicada en la calle Bando de la Huerta 4.<\/p><p>Con el paso del tiempo, a ellos se uni\u00f3 el <strong>Doctor Cristobal Coronado Alarc\u00f3n<\/strong> (cardi\u00f3logo y disc\u00edpulo del Dr. S\u00e1nchez Puerta) y durante varios a\u00f1os, los tres experimentados doctores ejercieron sus especialidades en esta cl\u00ednica.<\/p><p>Finalmente, a principios de los 80, el <strong>Doctor Jos\u00e9 Luis S\u00e1nchez-Puerta Vera<\/strong>, hijo del Doctor S\u00e1nchez Puerta, habiendo finalizado sus estudios en medicina y la especializaci\u00f3n en cardiolog\u00eda, comenz\u00f3 a pasar consulta en la cl\u00ednica.<\/p><p>En la actualidad, es \u00e9l, el Doctor Jos\u00e9 Luis S\u00e1nchez Puerta, reputado cardi\u00f3logo con m\u00e1s de treinta a\u00f1os de experiencia en el sector p\u00fablico y privado, quien est\u00e1 al mando de la cl\u00ednica y se encuentra a su disposici\u00f3n para atender a la salud de su coraz\u00f3n.<\/p>\t\t\t\t\t\t<\/div>\n\t\t\t\t<\/div>\n\t\t\t\t\t<\/div>\n\t\t<\/div>\n\t\t\t\t\t\t\t<\/div>\n\t\t<\/section>\n\t\t\t\t<section class=\"elementor-section elementor-top-section elementor-element elementor-element-f90d303 elementor-section-boxed elementor-section-height-default elementor-section-height-default\" data-id=\"f90d303\" data-element_type=\"section\">\n\t\t\t\t\t\t<div class=\"elementor-container elementor-column-gap-default\">\n\t\t\t\t\t<div class=\"elementor-column elementor-col-50 elementor-top-column elementor-element elementor-element-4bd6dd0\" data-id=\"4bd6dd0\" data-element_type=\"column\">\n\t\t\t<div class=\"elementor-widget-wrap elementor-element-populated\">\n\t\t\t\t\t\t\t\t<div class=\"elementor-element elementor-element-08d138f elementor-widget elementor-widget-image\" data-id=\"08d138f\" data-element_type=\"widget\" data-widget_type=\"image.default\">\n\t\t\t\t<div class=\"elementor-widget-container\">\n\t\t\t\t\t\t\t\t\t\t\t\t\t\t\t<img width=\"800\" height=\"600\" src=\"https:\/\/clinicasanchezpuerta.com\/wp-content\/uploads\/2022\/10\/20220928_105803-1024x768.jpg\" class=\"attachment-large size-large\" alt=\"\" loading=\"lazy\" srcset=\"https:\/\/clinicasanchezpuerta.com\/wp-content\/uploads\/2022\/10\/20220928_105803-1024x768.jpg 1024w, https:\/\/clinicasanchezpuerta.com\/wp-content\/uploads\/2022\/10\/20220928_105803-300x225.jpg 300w, https:\/\/clinicasanchezpuerta.com\/wp-content\/uploads\/2022\/10\/20220928_105803-768x576.jpg 768w, https:\/\/clinicasanchezpuerta.com\/wp-content\/uploads\/2022\/10\/20220928_105803-1536x1152.jpg 1536w, https:\/\/clinicasanchezpuerta.com\/wp-content\/uploads\/2022\/10\/20220928_105803-2048x1536.jpg 2048w\" sizes=\"(max-width: 800px) 100vw, 800px\" \/>\t\t\t\t\t\t\t\t\t\t\t\t\t\t\t<\/div>\n\t\t\t\t<\/div>\n\t\t\t\t\t<\/div>\n\t\t<\/div>\n\t\t\t\t<div class=\"elementor-column elementor-col-50 elementor-top-column elementor-element elementor-element-07dcdb0\" data-id=\"07dcdb0\" data-element_type=\"column\">\n\t\t\t<div class=\"elementor-widget-wrap elementor-element-populated\">\n\t\t\t\t\t\t\t\t<div class=\"elementor-element elementor-element-0a95e50 elementor-widget elementor-widget-image\" data-id=\"0a95e50\" data-element_type=\"widget\" data-widget_type=\"image.default\">\n\t\t\t\t<div class=\"elementor-widget-container\">\n\t\t\t\t\t\t\t\t\t\t\t\t\t\t\t<img width=\"800\" height=\"600\" src=\"https:\/\/clinicasanchezpuerta.com\/wp-content\/uploads\/2022\/10\/20220928_105432-1024x768.jpg\" class=\"attachment-large size-large\" alt=\"\" loading=\"lazy\" srcset=\"https:\/\/clinicasanchezpuerta.com\/wp-content\/uploads\/2022\/10\/20220928_105432-1024x768.jpg 1024w, https:\/\/clinicasanchezpuerta.com\/wp-content\/uploads\/2022\/10\/20220928_105432-300x225.jpg 300w, https:\/\/clinicasanchezpuerta.com\/wp-content\/uploads\/2022\/10\/20220928_105432-768x576.jpg 768w, https:\/\/clinicasanchezpuerta.com\/wp-content\/uploads\/2022\/10\/20220928_105432-1536x1152.jpg 1536w, https:\/\/clinicasanchezpuerta.com\/wp-content\/uploads\/2022\/10\/20220928_105432-2048x1536.jpg 2048w\" sizes=\"(max-width: 800px) 100vw, 800px\" \/>\t\t\t\t\t\t\t\t\t\t\t\t\t\t\t<\/div>\n\t\t\t\t<\/div>\n\t\t\t\t\t<\/div>\n\t\t<\/div>\n\t\t\t\t\t\t\t<\/div>\n\t\t<\/section>\n\t\t\t\t<section class=\"elementor-section elementor-top-section elementor-element elementor-element-2e2ea6a elementor-section-boxed elementor-section-height-default elementor-section-height-default\" data-id=\"2e2ea6a\" data-element_type=\"section\">\n\t\t\t\t\t\t<div class=\"elementor-container elementor-column-gap-default\">\n\t\t\t\t\t<div class=\"elementor-column elementor-col-50 elementor-top-column elementor-element elementor-element-3a8eb69\" data-id=\"3a8eb69\" data-element_type=\"column\">\n\t\t\t<div class=\"elementor-widget-wrap elementor-element-populated\">\n\t\t\t\t\t\t\t\t<div class=\"elementor-element elementor-element-4a81b14 elementor-widget elementor-widget-image\" data-id=\"4a81b14\" data-element_type=\"widget\" data-widget_type=\"image.default\">\n\t\t\t\t<div class=\"elementor-widget-container\">\n\t\t\t\t\t\t\t\t\t\t\t\t\t\t\t<img width=\"800\" height=\"600\" src=\"https:\/\/clinicasanchezpuerta.com\/wp-content\/uploads\/2022\/10\/20220928_105553-1024x768.jpg\" class=\"attachment-large size-large\" alt=\"\" loading=\"lazy\" srcset=\"https:\/\/clinicasanchezpuerta.com\/wp-content\/uploads\/2022\/10\/20220928_105553-1024x768.jpg 1024w, https:\/\/clinicasanchezpuerta.com\/wp-content\/uploads\/2022\/10\/20220928_105553-300x225.jpg 300w, https:\/\/clinicasanchezpuerta.com\/wp-content\/uploads\/2022\/10\/20220928_105553-768x576.jpg 768w, https:\/\/clinicasanchezpuerta.com\/wp-content\/uploads\/2022\/10\/20220928_105553-1536x1152.jpg 1536w, https:\/\/clinicasanchezpuerta.com\/wp-content\/uploads\/2022\/10\/20220928_105553-2048x1536.jpg 2048w\" sizes=\"(max-width: 800px) 100vw, 800px\" \/>\t\t\t\t\t\t\t\t\t\t\t\t\t\t\t<\/div>\n\t\t\t\t<\/div>\n\t\t\t\t\t<\/div>\n\t\t<\/div>\n\t\t\t\t<div class=\"elementor-column elementor-col-50 elementor-top-column elementor-element elementor-element-f670174\" data-id=\"f670174\" data-element_type=\"column\">\n\t\t\t<div class=\"elementor-widget-wrap elementor-element-populated\">\n\t\t\t\t\t\t\t\t<div class=\"elementor-element elementor-element-4f4d370 elementor-widget elementor-widget-image\" data-id=\"4f4d370\" data-element_type=\"widget\" data-widget_type=\"image.default\">\n\t\t\t\t<div class=\"elementor-widget-container\">\n\t\t\t\t\t\t\t\t\t\t\t\t\t\t\t<img width=\"800\" height=\"600\" src=\"https:\/\/clinicasanchezpuerta.com\/wp-content\/uploads\/2022\/10\/20220928_105221-1024x768.jpg\" class=\"attachment-large size-large\" alt=\"\" loading=\"lazy\" srcset=\"https:\/\/clinicasanchezpuerta.com\/wp-content\/uploads\/2022\/10\/20220928_105221-1024x768.jpg 1024w, https:\/\/clinicasanchezpuerta.com\/wp-content\/uploads\/2022\/10\/20220928_105221-300x225.jpg 300w, https:\/\/clinicasanchezpuerta.com\/wp-content\/uploads\/2022\/10\/20220928_105221-768x576.jpg 768w, https:\/\/clinicasanchezpuerta.com\/wp-content\/uploads\/2022\/10\/20220928_105221-1536x1152.jpg 1536w, https:\/\/clinicasanchezpuerta.com\/wp-content\/uploads\/2022\/10\/20220928_105221-2048x1536.jpg 2048w\" sizes=\"(max-width: 800px) 100vw, 800px\" \/>\t\t\t\t\t\t\t\t\t\t\t\t\t\t\t<\/div>\n\t\t\t\t<\/div>\n\t\t\t\t\t<\/div>\n\t\t<\/div>\n\t\t\t\t\t\t\t<\/div>\n\t\t<\/section>\n\t\t\t\t<section class=\"elementor-section elementor-top-section elementor-element elementor-element-af34795 elementor-section-boxed elementor-section-height-default elementor-section-height-default\" data-id=\"af34795\" data-element_type=\"section\">\n\t\t\t\t\t\t<div class=\"elementor-container elementor-column-gap-default\">\n\t\t\t\t\t<div class=\"elementor-column elementor-col-100 elementor-top-column elementor-element elementor-element-7be5388\" data-id=\"7be5388\" data-element_type=\"column\">\n\t\t\t<div class=\"elementor-widget-wrap elementor-element-populated\">\n\t\t\t\t\t\t\t\t<div class=\"elementor-element elementor-element-206d7ef elementor-widget elementor-widget-image\" data-id=\"206d7ef\" data-element_type=\"widget\" data-widget_type=\"image.default\">\n\t\t\t\t<div class=\"elementor-widget-container\">\n\t\t\t\t\t\t\t\t\t\t\t\t\t\t\t<img width=\"2560\" height=\"246\" src=\"https:\/\/clinicasanchezpuerta.com\/wp-content\/uploads\/2022\/09\/franja-1-1.jpg\" class=\"attachment-full size-full\" alt=\"\" loading=\"lazy\" srcset=\"https:\/\/clinicasanchezpuerta.com\/wp-content\/uploads\/2022\/09\/franja-1-1.jpg 2560w, https:\/\/clinicasanchezpuerta.com\/wp-content\/uploads\/2022\/09\/franja-1-1-300x29.jpg 300w, https:\/\/clinicasanchezpuerta.com\/wp-content\/uploads\/2022\/09\/franja-1-1-1024x98.jpg 1024w, https:\/\/clinicasanchezpuerta.com\/wp-content\/uploads\/2022\/09\/franja-1-1-768x74.jpg 768w, https:\/\/clinicasanchezpuerta.com\/wp-content\/uploads\/2022\/09\/franja-1-1-1536x148.jpg 1536w, https:\/\/clinicasanchezpuerta.com\/wp-content\/uploads\/2022\/09\/franja-1-1-2048x197.jpg 2048w\" sizes=\"(max-width: 2560px) 100vw, 2560px\" \/>\t\t\t\t\t\t\t\t\t\t\t\t\t\t\t<\/div>\n\t\t\t\t<\/div>\n\t\t\t\t\t<\/div>\n\t\t<\/div>\n\t\t\t\t\t\t\t<\/div>\n\t\t<\/section>\n\t\t\t\t\t\t\t<\/div>\n\t\t","protected":false},"excerpt":{"rendered":"<p>Durante los a\u00f1os 50, el Doctor Salvador S\u00e1nchez Puerta (especialista en coraz\u00f3n y pulm\u00f3n) y el Doctor Jos\u00e9 Tapia Sanz (internista y jefe de servicio del antiguo hospital Virgen de la Arrixaca, actual Morales Meseguer), pasaban consulta en sus respectivas cl\u00ednicas en la ciudad de Murcia. Posteriormente, en los a\u00f1os 70, ambos m\u00e9dicos decidieron aunar [&hellip;]<\/p>\n","protected":false},"author":1,"featured_media":0,"parent":0,"menu_order":0,"comment_status":"closed","ping_status":"closed","template":"","meta":{"om_disable_all_campaigns":false,"_monsterinsights_skip_tracking":false,"_monsterinsights_sitenote_active":false,"_monsterinsights_sitenote_note":"","_monsterinsights_sitenote_category":0},"aioseo_notices":[],"_links":{"self":[{"href":"https:\/\/clinicasanchezpuerta.com\/index.php\/wp-json\/wp\/v2\/pages\/13"}],"collection":[{"href":"https:\/\/clinicasanchezpuerta.com\/index.php\/wp-json\/wp\/v2\/pages"}],"about":[{"href":"https:\/\/clinicasanchezpuerta.com\/index.php\/wp-json\/wp\/v2\/types\/page"}],"author":[{"embeddable":true,"href":"https:\/\/clinicasanchezpuerta.com\/index.php\/wp-json\/wp\/v2\/users\/1"}],"replies":[{"embeddable":true,"href":"https:\/\/clinicasanchezpuerta.com\/index.php\/wp-json\/wp\/v2\/comments?post=13"}],"version-history":[{"count":17,"href":"https:\/\/clinicasanchezpuerta.com\/index.php\/wp-json\/wp\/v2\/pages\/13\/revisions"}],"predecessor-version":[{"id":156,"href":"https:\/\/clinicasanchezpuerta.com\/index.php\/wp-json\/wp\/v2\/pages\/13\/revisions\/156"}],"wp:attachment":[{"href":"https:\/\/clinicasanchezpuerta.com\/index.php\/wp-json\/wp\/v2\/media?parent=13"}],"curies":[{"name":"wp","href":"https:\/\/api.w.org\/{rel}","templated":true}]}}